{"id":373,"date":"2026-03-20T13:18:43","date_gmt":"2026-03-20T12:18:43","guid":{"rendered":"https:\/\/cornerstone-hospitality.global\/privacy-statement-uk\/"},"modified":"2026-03-20T13:18:43","modified_gmt":"2026-03-20T12:18:43","slug":"privacy-statement-uk","status":"publish","type":"page","link":"https:\/\/cornerstone-hospitality.global\/de\/privacy-statement-uk\/","title":{"rendered":"Datenschutzerkl\u00e4rung (UK)"},"content":{"rendered":"<!-- Legal document generated by Complianz | GDPR\/CCPA Cookie Consent https:\/\/wordpress.org\/plugins\/complianz-gdpr -->\n<div id=\"cmplz-document\" class=\"cmplz-document privacy-statement cmplz-document-uk\"><p><i>This privacy statement was last updated on M\u00e4rz 30, 2026 and applies to citizens and legal permanent residents of the United Kingdom.<\/i><br><br><\/p><p>In this privacy statement, we explain what we do with the data we obtain about you via <a href=\"https:\/\/cornerstone-hospitality.global\/de\">https:\/\/cornerstone-hospitality.global\/de<\/a>. We recommend you carefully read this statement. In our processing we comply with the requirements of privacy legislation. That means, among other things, that:<\/p><ul>\n                <li>we clearly state the purposes for which we process personal data. We do this by means of this privacy statement;<\/li>\n                <li>we aim to limit our collection of personal data to only the personal data required for legitimate purposes;<\/li>\n                <li>we first request your explicit consent to process your personal data in cases requiring your consent;<\/li>\n                <li>we take appropriate security measures to protect your personal data and also require this from parties that process personal data on our behalf;<\/li>\n                <li>we respect your right to access your personal data or have it corrected or deleted, at your request.<\/li>\n            <\/ul><p>If you have any questions, or want to know exactly what data we keep of you, please contact us.<\/p><h2>1. Purpose, data and retention period<\/h2>We may collect or receive personal information for a number of purposes connected with our business operations which may include the following: (click to expand)<details class=\"cmplz-dropdown dropdown-privacy-statement\"><summary><div><h3>1.1 To sell or share data with a third party<\/h3><\/div><\/summary><p class=\"cmplz-subtitle\">For this purpose we use the following data:<\/p><p><ul><li>A first and last name<\/li><li>An email address<\/li><li>A telephone number<\/li><\/ul><\/p><p class=\"cmplz-subtitle\">The basis on which we may process these data is:<\/p><p class=\"cmplz-subtitle\">Retention period<\/p><p>We retain this data until the service is terminated.<\/p><\/details><details class=\"cmplz-dropdown dropdown-privacy-statement\"><summary><div><h3>1.2 Contact &#8211; Through phone, mail, email and\/or webforms<\/h3><\/div><\/summary><p class=\"cmplz-subtitle\">For this purpose we use the following data:<\/p><p><ul><li>A first and last name<\/li><li>A home or other physical address, including street name and name of a city or town<\/li><li>An email address<\/li><li>A telephone number<\/li><li>IP Address<\/li><\/ul><\/p><p class=\"cmplz-subtitle\">The basis on which we may process these data is:<\/p><p><a target=\"_blank\" rel=\"noopener noreferrer nofollow\" href=\"https:\/\/cookiedatabase.org\/legal-bases\/#public\">It is necessary for the performance of a task carried out in the public interest or in the exercise of official authority vested in the controller<\/a><\/p><p class=\"cmplz-subtitle\">Retention period<\/p><p>We determine the retention period according to fixed objective criteria: Only for as long as it is strictly necessary for the purpose it was collected.<\/p><\/details><details class=\"cmplz-dropdown dropdown-privacy-statement\"><summary><div><h3>1.3 Newsletters<\/h3><\/div><\/summary><p class=\"cmplz-subtitle\">For this purpose we use the following data:<\/p><p><ul><li>A first and last name<\/li><li>An email address<\/li><li>A telephone number<\/li><li>IP Address<\/li><\/ul><\/p><p class=\"cmplz-subtitle\">The basis on which we may process these data is:<\/p><p class=\"cmplz-subtitle\">Retention period<\/p><p>We retain this data until the service is terminated.<\/p><\/details><h2>2. Cookies<\/h2><p>Our website uses cookies. For more information about cookies, please refer to our <a href=\"https:\/\/cornerstone-hospitality.global\/de\/cookie-policy-uk\/\">Cookie-Richtlinie<\/a>.&nbsp;<\/p><h2>3. Disclosure practices<\/h2><p><p>We disclose personal information if we are required by law or by a court order, in response to a law enforcement agency, to the extent permitted under other provisions of law, to provide information, or for an investigation on a matter related to public safety.<\/p><p>If our website or organisation is taken over, sold, or involved in a merger or acquisition, your details may be disclosed to our advisers and any prospective purchasers and will be passed on to the new owners.<\/p><\/p><p>We have concluded a data processing agreement with Google.<\/p><p>The inclusion of full IP addresses is blocked by us.<\/p><h2>4. Security<\/h2><p>We are committed to the security of personal data. We take appropriate security measures to limit abuse of and unauthorised access to personal data. This ensures that only the necessary persons have access to your data, that access to the data is protected, and that our security measures are regularly reviewed.<\/p><h2>5. Third-party websites<\/h2><p>This privacy statement does not apply to third-party websites connected by links on our website. We cannot guarantee that these third parties handle your personal data in a reliable or secure manner. We recommend you read the privacy statements of these websites prior to making use of these websites.<\/p><h2>6. Amendments to this privacy statement<\/h2><p>We reserve the right to make amendments to this privacy statement. It is recommended that you consult this privacy statement regularly in order to be aware of any changes. In addition, we will actively inform you wherever possible.<\/p><h2>7. Accessing and modifying your data<\/h2><p>If you have any questions or want to know which personal data we have about you, please contact us. You can contact us by using the information below. You have the following rights:<\/p><ul>\n                <li>Sie haben das Recht zu erfahren, wozu Ihre personenbezogenen Daten ben\u00f6tigt werden, was mit ihnen geschieht und wie lange sie gespeichert werden.<\/li>\n                <li>Recht auf Zugang: Sie haben das Recht, auf Ihre uns bekannten personenbezogenen Daten zuzugreifen.<\/li>\n                <li>Recht auf Berichtigung: Sie haben das Recht, Ihre personenbezogenen Daten zu erg\u00e4nzen, zu berichtigen, l\u00f6schen oder sperren zu lassen, wann immer Sie dies w\u00fcnschen.<\/li>\n                <li>Wenn Sie uns Ihre Einwilligung zur Verarbeitung Ihrer Daten gegeben haben, haben Sie das Recht, diese Einwilligung zu widerrufen und Ihre personenbezogenen Daten l\u00f6schen zu lassen.<\/li>\n                <li>Recht auf Daten\u00fcbertragbarkeit: Sie haben das Recht, alle Ihre personenbezogenen Daten von dem f\u00fcr die Verarbeitung Verantwortlichen anzufordern und sie in ihrer Gesamtheit an einen anderen f\u00fcr die Verarbeitung Verantwortlichen zu \u00fcbertragen.<\/li>\n                <li>Recht auf Widerspruch: Sie k\u00f6nnen der Verarbeitung Ihrer Daten widersprechen. Dem kommen wir nach, es sei denn, es liegen berechtigte Gr\u00fcnde f\u00fcr die Verarbeitung vor.<\/li>\n            <\/ul><p>Please make sure to always clearly state who you are, so that we can be certain that we do not modify or delete any data of the wrong person.<\/p><h2>8. Submitting a complaint<\/h2><p>If you are not satisfied with the way in which we handle (a complaint about) the processing of your personal data, you have the right to submit a complaint to the Information Commissioner&#8217;s Office:<\/p><p><br>Wycliffe House<br>\n                        Water Lane<br>\n                        Wilmslow<br>\n                        Cheshire<br>\n                        SK9 5AF<\/p><h2>9. Children<\/h2><p>Our website is not designed to attract children and it is not our intent to collect personal data from children under the age of consent in their country of residence. We therefore request that children under the age of consent do not submit any personal data to us.<\/p><h2>10. Kontaktangaben<\/h2><p>YK Hospitality Consulting<br>\n        Beethovenstr. 5-53, 60325 Frankfurt am Main<br>\n        Deutschland<br>\n        Website: <a href=\"https:\/\/cornerstone-hospitality.global\/de\">https:\/\/cornerstone-hospitality.global\/de<\/a> <br>\n        E-Mail: <span class=\"cmplz-obfuscate\">&#105;&#110;f&#111;@<span class=\"cmplz-fmail-domain\">&#101;x.&#099;&#111;&#109;<\/span>&#099;or&#110;e&#114;&#115;&#116;o&#110;e-&#104;osp&#105;t&#097;&#108;i&#116;&#121;&#046;&#103;l&#111;bal<\/span> <br>\n        Rufnummer: +4969726947<\/p><\/div>","protected":false},"excerpt":{"rendered":"","protected":false},"author":2,"featured_media":0,"parent":0,"menu_order":0,"comment_status":"closed","ping_status":"closed","template":"","meta":{"_kad_blocks_custom_css":"","_kad_blocks_head_custom_js":"","_kad_blocks_body_custom_js":"","_kad_blocks_footer_custom_js":"","_monsterinsights_skip_tracking":false,"_monsterinsights_sitenote_active":false,"_monsterinsights_sitenote_note":"","_monsterinsights_sitenote_category":0,"_kadence_starter_templates_imported_post":false,"_kad_post_transparent":"","_kad_post_title":"","_kad_post_layout":"","_kad_post_sidebar_id":"","_kad_post_content_style":"","_kad_post_vertical_padding":"","_kad_post_feature":"","_kad_post_feature_position":"","_kad_post_header":false,"_kad_post_footer":false,"_kad_post_classname":"","footnotes":""},"class_list":["post-373","page","type-page","status-publish","hentry"],"yoast_head":"<!-- This site is optimized with the Yoast SEO plugin v27.4 - https:\/\/yoast.com\/product\/yoast-seo-wordpress\/ -->\n<title>Privacy Statement (UK) - Cornerstone - Hospitality<\/title>\n<meta name=\"robots\" content=\"index, follow, max-snippet:-1, max-image-preview:large, max-video-preview:-1\" \/>\n<link rel=\"canonical\" href=\"https:\/\/cornerstone-hospitality.global\/de\/privacy-statement-uk\/\" \/>\n<meta property=\"og:locale\" content=\"de_DE\" \/>\n<meta property=\"og:type\" content=\"article\" \/>\n<meta property=\"og:title\" content=\"Privacy Statement (UK) - Cornerstone - Hospitality\" \/>\n<meta property=\"og:url\" content=\"https:\/\/cornerstone-hospitality.global\/de\/privacy-statement-uk\/\" \/>\n<meta property=\"og:site_name\" content=\"Cornerstone - Hospitality\" \/>\n<meta name=\"twitter:card\" content=\"summary_large_image\" \/>\n<script type=\"application\/ld+json\" class=\"yoast-schema-graph\">{\"@context\":\"https:\\\/\\\/schema.org\",\"@graph\":[{\"@type\":\"WebPage\",\"@id\":\"https:\\\/\\\/cornerstone-hospitality.global\\\/privacy-statement-uk\\\/\",\"url\":\"https:\\\/\\\/cornerstone-hospitality.global\\\/privacy-statement-uk\\\/\",\"name\":\"Privacy Statement (UK) - Cornerstone - Hospitality\",\"isPartOf\":{\"@id\":\"https:\\\/\\\/cornerstone-hospitality.global\\\/#website\"},\"datePublished\":\"2026-03-20T12:18:43+00:00\",\"breadcrumb\":{\"@id\":\"https:\\\/\\\/cornerstone-hospitality.global\\\/privacy-statement-uk\\\/#breadcrumb\"},\"inLanguage\":\"de\",\"potentialAction\":[{\"@type\":\"ReadAction\",\"target\":[\"https:\\\/\\\/cornerstone-hospitality.global\\\/privacy-statement-uk\\\/\"]}]},{\"@type\":\"BreadcrumbList\",\"@id\":\"https:\\\/\\\/cornerstone-hospitality.global\\\/privacy-statement-uk\\\/#breadcrumb\",\"itemListElement\":[{\"@type\":\"ListItem\",\"position\":1,\"name\":\"Home\",\"item\":\"https:\\\/\\\/cornerstone-hospitality.global\\\/\"},{\"@type\":\"ListItem\",\"position\":2,\"name\":\"Privacy Statement (UK)\"}]},{\"@type\":\"WebSite\",\"@id\":\"https:\\\/\\\/cornerstone-hospitality.global\\\/#website\",\"url\":\"https:\\\/\\\/cornerstone-hospitality.global\\\/\",\"name\":\"Cornerstone Hospitality\",\"description\":\"\",\"publisher\":{\"@id\":\"https:\\\/\\\/cornerstone-hospitality.global\\\/#organization\"},\"potentialAction\":[{\"@type\":\"SearchAction\",\"target\":{\"@type\":\"EntryPoint\",\"urlTemplate\":\"https:\\\/\\\/cornerstone-hospitality.global\\\/?s={search_term_string}\"},\"query-input\":{\"@type\":\"PropertyValueSpecification\",\"valueRequired\":true,\"valueName\":\"search_term_string\"}}],\"inLanguage\":\"de\"},{\"@type\":\"Organization\",\"@id\":\"https:\\\/\\\/cornerstone-hospitality.global\\\/#organization\",\"name\":\"Cornerstone Hospitality\",\"url\":\"https:\\\/\\\/cornerstone-hospitality.global\\\/\",\"logo\":{\"@type\":\"ImageObject\",\"inLanguage\":\"de\",\"@id\":\"https:\\\/\\\/cornerstone-hospitality.global\\\/#\\\/schema\\\/logo\\\/image\\\/\",\"url\":\"https:\\\/\\\/cornerstone-hospitality.global\\\/wp-content\\\/uploads\\\/2026\\\/02\\\/horiz-color.png\",\"contentUrl\":\"https:\\\/\\\/cornerstone-hospitality.global\\\/wp-content\\\/uploads\\\/2026\\\/02\\\/horiz-color.png\",\"width\":914,\"height\":157,\"caption\":\"Cornerstone Hospitality\"},\"image\":{\"@id\":\"https:\\\/\\\/cornerstone-hospitality.global\\\/#\\\/schema\\\/logo\\\/image\\\/\"},\"sameAs\":[\"https:\\\/\\\/www.linkedin.com\\\/company\\\/cornerstone-hospitality-global\\\/\"]}]}<\/script>\n<!-- \/ Yoast SEO plugin. -->","yoast_head_json":{"title":"Privacy Statement (UK) - Cornerstone - Hospitality","robots":{"index":"index","follow":"follow","max-snippet":"max-snippet:-1","max-image-preview":"max-image-preview:large","max-video-preview":"max-video-preview:-1"},"canonical":"https:\/\/cornerstone-hospitality.global\/de\/privacy-statement-uk\/","og_locale":"de_DE","og_type":"article","og_title":"Privacy Statement (UK) - Cornerstone - Hospitality","og_url":"https:\/\/cornerstone-hospitality.global\/de\/privacy-statement-uk\/","og_site_name":"Cornerstone - Hospitality","twitter_card":"summary_large_image","schema":{"@context":"https:\/\/schema.org","@graph":[{"@type":"WebPage","@id":"https:\/\/cornerstone-hospitality.global\/privacy-statement-uk\/","url":"https:\/\/cornerstone-hospitality.global\/privacy-statement-uk\/","name":"Privacy Statement (UK) - Cornerstone - Hospitality","isPartOf":{"@id":"https:\/\/cornerstone-hospitality.global\/#website"},"datePublished":"2026-03-20T12:18:43+00:00","breadcrumb":{"@id":"https:\/\/cornerstone-hospitality.global\/privacy-statement-uk\/#breadcrumb"},"inLanguage":"de","potentialAction":[{"@type":"ReadAction","target":["https:\/\/cornerstone-hospitality.global\/privacy-statement-uk\/"]}]},{"@type":"BreadcrumbList","@id":"https:\/\/cornerstone-hospitality.global\/privacy-statement-uk\/#breadcrumb","itemListElement":[{"@type":"ListItem","position":1,"name":"Home","item":"https:\/\/cornerstone-hospitality.global\/"},{"@type":"ListItem","position":2,"name":"Privacy Statement (UK)"}]},{"@type":"WebSite","@id":"https:\/\/cornerstone-hospitality.global\/#website","url":"https:\/\/cornerstone-hospitality.global\/","name":"Cornerstone Gastfreundschaft","description":"","publisher":{"@id":"https:\/\/cornerstone-hospitality.global\/#organization"},"potentialAction":[{"@type":"SearchAction","target":{"@type":"EntryPoint","urlTemplate":"https:\/\/cornerstone-hospitality.global\/?s={search_term_string}"},"query-input":{"@type":"PropertyValueSpecification","valueRequired":true,"valueName":"search_term_string"}}],"inLanguage":"de"},{"@type":"Organization","@id":"https:\/\/cornerstone-hospitality.global\/#organization","name":"Cornerstone Gastfreundschaft","url":"https:\/\/cornerstone-hospitality.global\/","logo":{"@type":"ImageObject","inLanguage":"de","@id":"https:\/\/cornerstone-hospitality.global\/#\/schema\/logo\/image\/","url":"https:\/\/cornerstone-hospitality.global\/wp-content\/uploads\/2026\/02\/horiz-color.png","contentUrl":"https:\/\/cornerstone-hospitality.global\/wp-content\/uploads\/2026\/02\/horiz-color.png","width":914,"height":157,"caption":"Cornerstone Hospitality"},"image":{"@id":"https:\/\/cornerstone-hospitality.global\/#\/schema\/logo\/image\/"},"sameAs":["https:\/\/www.linkedin.com\/company\/cornerstone-hospitality-global\/"]}]}},"taxonomy_info":[],"featured_image_src_large":false,"author_info":{"display_name":"LimeCuda","author_link":"https:\/\/cornerstone-hospitality.global\/de\/author\/limecuda\/"},"comment_info":0,"_hostinger_reach_plugin_has_subscription_block":false,"_hostinger_reach_plugin_is_elementor":false,"_links":{"self":[{"href":"https:\/\/cornerstone-hospitality.global\/de\/wp-json\/wp\/v2\/pages\/373","targetHints":{"allow":["GET"]}}],"collection":[{"href":"https:\/\/cornerstone-hospitality.global\/de\/wp-json\/wp\/v2\/pages"}],"about":[{"href":"https:\/\/cornerstone-hospitality.global\/de\/wp-json\/wp\/v2\/types\/page"}],"author":[{"embeddable":true,"href":"https:\/\/cornerstone-hospitality.global\/de\/wp-json\/wp\/v2\/users\/2"}],"replies":[{"embeddable":true,"href":"https:\/\/cornerstone-hospitality.global\/de\/wp-json\/wp\/v2\/comments?post=373"}],"version-history":[{"count":0,"href":"https:\/\/cornerstone-hospitality.global\/de\/wp-json\/wp\/v2\/pages\/373\/revisions"}],"wp:attachment":[{"href":"https:\/\/cornerstone-hospitality.global\/de\/wp-json\/wp\/v2\/media?parent=373"}],"curies":[{"name":"wp","href":"https:\/\/api.w.org\/{rel}","templated":true}]}}